{"id":19571,"date":"2022-04-08T11:44:47","date_gmt":"2022-04-08T11:44:47","guid":{"rendered":"https:\/\/gelisimyapi.com.tr\/?page_id=19571"},"modified":"2025-10-14T11:42:59","modified_gmt":"2025-10-14T11:42:59","slug":"kariyer","status":"publish","type":"page","link":"https:\/\/gelisimyapi.com.tr\/en\/kariyer\/","title":{"rendered":"Kariyer"},"content":{"rendered":"<div data-elementor-type=\"wp-page\" data-elementor-id=\"19571\" class=\"elementor elementor-19571\" data-elementor-post-type=\"page\">\n\t\t\t\t\t\t<section class=\"elementor-section elementor-top-section elementor-element elementor-element-0b585ab elementor-section-boxed elementor-section-height-default elementor-section-height-default sc_fly_static\" data-id=\"0b585ab\" data-element_type=\"section\">\n\t\t\t\t\t\t<div class=\"elementor-container elementor-column-gap-extended\">\n\t\t\t\t\t<div class=\"elementor-column elementor-col-100 elementor-top-column elementor-element elementor-element-31c5648 sc_content_align_inherit sc_layouts_column_icons_position_left sc_fly_static\" data-id=\"31c5648\" data-element_type=\"column\">\n\t\t\t<div class=\"elementor-widget-wrap elementor-element-populated\">\n\t\t\t\t\t\t<div class=\"elementor-element elementor-element-06d2a64 sc_height_huge sc_fly_static elementor-widget elementor-widget-spacer\" data-id=\"06d2a64\" data-element_type=\"widget\" data-widget_type=\"spacer.default\">\n\t\t\t\t<div class=\"elementor-widget-container\">\n\t\t\t\t\t\t\t<div class=\"elementor-spacer\">\n\t\t\t<div class=\"elementor-spacer-inner\"><\/div>\n\t\t<\/div>\n\t\t\t\t\t\t<\/div>\n\t\t\t\t<\/div>\n\t\t\t\t\t<\/div>\n\t\t<\/div>\n\t\t\t\t\t<\/div>\n\t\t<\/section>\n\t\t\t\t<section class=\"elementor-section elementor-top-section elementor-element elementor-element-2a826ef5 elementor-section-boxed elementor-section-height-default elementor-section-height-default sc_fly_static\" data-id=\"2a826ef5\" data-element_type=\"section\">\n\t\t\t\t\t\t<div class=\"elementor-container elementor-column-gap-extended\">\n\t\t\t\t\t<div class=\"elementor-column elementor-col-50 elementor-top-column elementor-element elementor-element-7168c760 sc_content_align_inherit sc_layouts_column_icons_position_left sc_fly_static\" data-id=\"7168c760\" data-element_type=\"column\">\n\t\t\t<div class=\"elementor-widget-wrap elementor-element-populated\">\n\t\t\t\t\t\t<div class=\"elementor-element elementor-element-754f4f07 sc_fly_static elementor-widget elementor-widget-trx_sc_title\" data-id=\"754f4f07\" data-element_type=\"widget\" data-widget_type=\"trx_sc_title.default\">\n\t\t\t\t<div class=\"elementor-widget-container\">\n\t\t\t\t\t<div\t\tclass=\"sc_title sc_title_default\" ><h1 class=\"sc_item_title sc_title_title sc_item_title_style_default sc_item_title_tag\"\n\t\t\t><span class=\"sc_item_title_text\">Kariyer Yolculu\u011funuz Burada Ba\u015fl\u0131yor<\/span><\/h1><\/div>\t\t\t\t<\/div>\n\t\t\t\t<\/div>\n\t\t\t\t<div class=\"elementor-element elementor-element-352cc1d9 sc_fly_static elementor-widget elementor-widget-spacer\" data-id=\"352cc1d9\" data-element_type=\"widget\" data-widget_type=\"spacer.default\">\n\t\t\t\t<div class=\"elementor-widget-container\">\n\t\t\t\t\t\t\t<div class=\"elementor-spacer\">\n\t\t\t<div class=\"elementor-spacer-inner\"><\/div>\n\t\t<\/div>\n\t\t\t\t\t\t<\/div>\n\t\t\t\t<\/div>\n\t\t\t\t<div class=\"elementor-element elementor-element-142066c7 sc_fly_static elementor-widget elementor-widget-text-editor\" data-id=\"142066c7\" data-element_type=\"widget\" data-widget_type=\"text-editor.default\">\n\t\t\t\t<div class=\"elementor-widget-container\">\n\t\t\t\t\t\t\t\t\t<p data-start=\"191\" data-end=\"288\">Geli\u015fim Yap\u0131 olarak; yaln\u0131zca yap\u0131lar de\u011fil, g\u00fc\u00e7l\u00fc ve s\u00fcrd\u00fcr\u00fclebilir kariyerler de in\u015fa ediyoruz.<\/p><p data-start=\"290\" data-end=\"587\">Kuruldu\u011fumuz g\u00fcnden bu yana insan kayna\u011f\u0131n\u0131 en de\u011ferli varl\u0131\u011f\u0131m\u0131z olarak g\u00f6rd\u00fck. Uzmanl\u0131k, tutku ve sorumluluk duygusuyla \u00e7al\u0131\u015fan ekibimiz, bizi sekt\u00f6rde farkl\u0131 k\u0131lan en b\u00fcy\u00fck g\u00fcc\u00fcm\u00fczd\u00fcr. Bu do\u011frultuda, tak\u0131m\u0131m\u0131za kat\u0131lacak her bireyin bilgi birikimi kadar geli\u015fim potansiyeline de \u00f6nem veriyoruz.<\/p>\t\t\t\t\t\t\t\t<\/div>\n\t\t\t\t<\/div>\n\t\t\t\t<div class=\"elementor-element elementor-element-1dfce4d sc_height_small sc_fly_static elementor-widget elementor-widget-spacer\" data-id=\"1dfce4d\" data-element_type=\"widget\" data-widget_type=\"spacer.default\">\n\t\t\t\t<div class=\"elementor-widget-container\">\n\t\t\t\t\t\t\t<div class=\"elementor-spacer\">\n\t\t\t<div class=\"elementor-spacer-inner\"><\/div>\n\t\t<\/div>\n\t\t\t\t\t\t<\/div>\n\t\t\t\t<\/div>\n\t\t\t\t<div class=\"elementor-element elementor-element-7aa58fe1 sc_fly_static elementor-widget elementor-widget-trx_sc_button\" data-id=\"7aa58fe1\" data-element_type=\"widget\" data-widget_type=\"trx_sc_button.default\">\n\t\t\t\t<div class=\"elementor-widget-container\">\n\t\t\t\t\t<div\tclass=\"sc_item_button sc_button_wrap\" ><a href=\"mailto:info@example.com\" class=\"sc_button sc_button_simple button_bg_icon_color  sc_button_size_normal sc_button_with_icon sc_button_icon_left color_style_dark\" ><span class=\"sc_button_icon\"><span class=\"icon-envelope-2\"><\/span><\/span><span class=\"sc_button_text\"><span class=\"sc_button_title\">kariyer@gelisimyapi.com.tr<\/span><\/span><\/a><\/div>\t\t\t\t<\/div>\n\t\t\t\t<\/div>\n\t\t\t\t\t<\/div>\n\t\t<\/div>\n\t\t\t\t<div class=\"elementor-column elementor-col-50 elementor-top-column elementor-element elementor-element-29416ba sc_content_align_inherit sc_layouts_column_icons_position_left sc_fly_static\" data-id=\"29416ba\" data-element_type=\"column\">\n\t\t\t<div class=\"elementor-widget-wrap elementor-element-populated\">\n\t\t\t\t\t\t<div class=\"elementor-element elementor-element-d98d28c sc_fly_static elementor-widget elementor-widget-image\" data-id=\"d98d28c\" data-element_type=\"widget\" data-widget_type=\"image.default\">\n\t\t\t\t<div class=\"elementor-widget-container\">\n\t\t\t\t\t\t\t\t\t\t\t\t\t\t\t<img fetchpriority=\"high\" decoding=\"async\" width=\"1024\" height=\"1024\" src=\"https:\/\/gelisimyapi.com.tr\/wp-content\/uploads\/2025\/07\/Adsiz-tasarim-1024x1024.png\" class=\"attachment-large size-large wp-image-21576\" alt=\"\" srcset=\"https:\/\/gelisimyapi.com.tr\/wp-content\/uploads\/2025\/07\/Adsiz-tasarim-1024x1024.png 1024w, https:\/\/gelisimyapi.com.tr\/wp-content\/uploads\/2025\/07\/Adsiz-tasarim-300x300.png 300w, https:\/\/gelisimyapi.com.tr\/wp-content\/uploads\/2025\/07\/Adsiz-tasarim-150x150.png 150w, https:\/\/gelisimyapi.com.tr\/wp-content\/uploads\/2025\/07\/Adsiz-tasarim-768x768.png 768w, https:\/\/gelisimyapi.com.tr\/wp-content\/uploads\/2025\/07\/Adsiz-tasarim-370x370.png 370w, https:\/\/gelisimyapi.com.tr\/wp-content\/uploads\/2025\/07\/Adsiz-tasarim-120x120.png 120w, https:\/\/gelisimyapi.com.tr\/wp-content\/uploads\/2025\/07\/Adsiz-tasarim-840x840.png 840w, https:\/\/gelisimyapi.com.tr\/wp-content\/uploads\/2025\/07\/Adsiz-tasarim-410x410.png 410w, https:\/\/gelisimyapi.com.tr\/wp-content\/uploads\/2025\/07\/Adsiz-tasarim-630x630.png 630w, https:\/\/gelisimyapi.com.tr\/wp-content\/uploads\/2025\/07\/Adsiz-tasarim-600x600.png 600w, https:\/\/gelisimyapi.com.tr\/wp-content\/uploads\/2025\/07\/Adsiz-tasarim.png 1080w\" sizes=\"(max-width: 1024px) 100vw, 1024px\" \/>\t\t\t\t\t\t\t\t\t\t\t\t\t\t\t<\/div>\n\t\t\t\t<\/div>\n\t\t\t\t\t<\/div>\n\t\t<\/div>\n\t\t\t\t\t<\/div>\n\t\t<\/section>\n\t\t\t\t<section class=\"elementor-section elementor-top-section elementor-element elementor-element-a34576e elementor-section-boxed elementor-section-height-default elementor-section-height-default sc_fly_static\" data-id=\"a34576e\" data-element_type=\"section\">\n\t\t\t\t\t\t<div class=\"elementor-container elementor-column-gap-extended\">\n\t\t\t\t\t<div class=\"elementor-column elementor-col-100 elementor-top-column elementor-element elementor-element-06e90e0 sc_content_align_inherit sc_layouts_column_icons_position_left sc_fly_static\" data-id=\"06e90e0\" data-element_type=\"column\">\n\t\t\t<div class=\"elementor-widget-wrap elementor-element-populated\">\n\t\t\t\t\t\t<div class=\"elementor-element elementor-element-e9746a9 sc_height_huge sc_fly_static elementor-widget elementor-widget-spacer\" data-id=\"e9746a9\" data-element_type=\"widget\" data-widget_type=\"spacer.default\">\n\t\t\t\t<div class=\"elementor-widget-container\">\n\t\t\t\t\t\t\t<div class=\"elementor-spacer\">\n\t\t\t<div class=\"elementor-spacer-inner\"><\/div>\n\t\t<\/div>\n\t\t\t\t\t\t<\/div>\n\t\t\t\t<\/div>\n\t\t\t\t\t<\/div>\n\t\t<\/div>\n\t\t\t\t\t<\/div>\n\t\t<\/section>\n\t\t\t\t<section class=\"elementor-section elementor-top-section elementor-element elementor-element-25a79602 elementor-section-boxed elementor-section-height-default elementor-section-height-default sc_fly_static\" data-id=\"25a79602\" data-element_type=\"section\">\n\t\t\t\t\t\t<div class=\"elementor-container elementor-column-gap-extended\">\n\t\t\t\t\t<div class=\"elementor-column elementor-col-50 elementor-top-column elementor-element elementor-element-50b6683 sc_content_align_inherit sc_layouts_column_icons_position_left sc_fly_static\" data-id=\"50b6683\" data-element_type=\"column\">\n\t\t\t<div class=\"elementor-widget-wrap elementor-element-populated\">\n\t\t\t\t\t\t<div class=\"elementor-element elementor-element-148ab850 sc_height_small sc_fly_static elementor-widget elementor-widget-spacer\" data-id=\"148ab850\" data-element_type=\"widget\" data-widget_type=\"spacer.default\">\n\t\t\t\t<div class=\"elementor-widget-container\">\n\t\t\t\t\t\t\t<div class=\"elementor-spacer\">\n\t\t\t<div class=\"elementor-spacer-inner\"><\/div>\n\t\t<\/div>\n\t\t\t\t\t\t<\/div>\n\t\t\t\t<\/div>\n\t\t\t\t<div class=\"elementor-element elementor-element-1d8ca99c sc_fly_static elementor-widget elementor-widget-trx_sc_title\" data-id=\"1d8ca99c\" data-element_type=\"widget\" data-widget_type=\"trx_sc_title.default\">\n\t\t\t\t<div class=\"elementor-widget-container\">\n\t\t\t\t\t<div\t\tclass=\"sc_title sc_title_default\" ><h1 class=\"sc_item_title sc_title_title sc_item_title_style_default sc_item_title_tag\"\n\t\t\t><span class=\"sc_item_title_text\">Ba\u015fvuru <span class=\"has-text-link-color\">Formu<\/span> <\/span><\/h1><\/div>\t\t\t\t<\/div>\n\t\t\t\t<\/div>\n\t\t\t\t<div class=\"elementor-element elementor-element-24c36af6 sc_fly_static elementor-widget elementor-widget-spacer\" data-id=\"24c36af6\" data-element_type=\"widget\" data-widget_type=\"spacer.default\">\n\t\t\t\t<div class=\"elementor-widget-container\">\n\t\t\t\t\t\t\t<div class=\"elementor-spacer\">\n\t\t\t<div class=\"elementor-spacer-inner\"><\/div>\n\t\t<\/div>\n\t\t\t\t\t\t<\/div>\n\t\t\t\t<\/div>\n\t\t\t\t<div class=\"elementor-element elementor-element-831d766 sc_fly_static elementor-widget elementor-widget-image\" data-id=\"831d766\" data-element_type=\"widget\" data-widget_type=\"image.default\">\n\t\t\t\t<div class=\"elementor-widget-container\">\n\t\t\t\t\t\t\t\t\t\t\t\t\t\t\t<img decoding=\"async\" width=\"598\" height=\"664\" src=\"https:\/\/gelisimyapi.com.tr\/wp-content\/uploads\/2025\/10\/construction-silhouette-598x664.jpg\" class=\"attachment-planty-thumb-square size-planty-thumb-square wp-image-22150\" alt=\"\" \/>\t\t\t\t\t\t\t\t\t\t\t\t\t\t\t<\/div>\n\t\t\t\t<\/div>\n\t\t\t\t\t<\/div>\n\t\t<\/div>\n\t\t\t\t<div class=\"elementor-column elementor-col-50 elementor-top-column elementor-element elementor-element-17f91e5 sc_content_align_inherit sc_layouts_column_icons_position_left sc_fly_static\" data-id=\"17f91e5\" data-element_type=\"column\" data-settings=\"{&quot;background_background&quot;:&quot;classic&quot;}\">\n\t\t\t<div class=\"elementor-widget-wrap elementor-element-populated\">\n\t\t\t\t\t\t<div class=\"elementor-element elementor-element-345cf0fa sc_fly_static elementor-widget elementor-widget-spacer\" data-id=\"345cf0fa\" data-element_type=\"widget\" data-widget_type=\"spacer.default\">\n\t\t\t\t<div class=\"elementor-widget-container\">\n\t\t\t\t\t\t\t<div class=\"elementor-spacer\">\n\t\t\t<div class=\"elementor-spacer-inner\"><\/div>\n\t\t<\/div>\n\t\t\t\t\t\t<\/div>\n\t\t\t\t<\/div>\n\t\t\t\t<div class=\"elementor-element elementor-element-d562077 sc_fly_static elementor-widget elementor-widget-trx_sc_contact_form_7\" data-id=\"d562077\" data-element_type=\"widget\" data-widget_type=\"trx_sc_contact_form_7.default\">\n\t\t\t\t<div class=\"elementor-widget-container\">\n\t\t\t\t\t\n<div class=\"wpcf7 no-js\" id=\"wpcf7-f1413-o1\" lang=\"en-US\" dir=\"ltr\" data-wpcf7-id=\"1413\">\n<div class=\"screen-reader-response\"><p role=\"status\" aria-live=\"polite\" aria-atomic=\"true\"><\/p> <ul><\/ul><\/div>\n<form action=\"\/en\/wp-json\/wp\/v2\/pages\/19571#wpcf7-f1413-o1\" method=\"post\" class=\"wpcf7-form init\" aria-label=\"Contact form\" enctype=\"multipart\/form-data\" novalidate=\"novalidate\" data-status=\"init\" data-trp-original-action=\"\/en\/wp-json\/wp\/v2\/pages\/19571#wpcf7-f1413-o1\">\n<fieldset class=\"hidden-fields-container\"><input type=\"hidden\" name=\"_wpcf7\" value=\"1413\" \/><input type=\"hidden\" name=\"_wpcf7_version\" value=\"6.1.2\" \/><input type=\"hidden\" name=\"_wpcf7_locale\" value=\"en_US\" \/><input type=\"hidden\" name=\"_wpcf7_unit_tag\" value=\"wpcf7-f1413-o1\" \/><input type=\"hidden\" name=\"_wpcf7_container_post\" value=\"0\" \/><input type=\"hidden\" name=\"_wpcf7_posted_data_hash\" value=\"\" \/>\n<\/fieldset>\n<div class=\"form-style-7\">\n\t<div class=\"columns_wrap\">\n\t\t<div class=\"column-1_1\">\n\t\t\t<p><span class=\"style-line icon-name\"><span class=\"wpcf7-form-control-wrap\" data-name=\"your-name\"><input size=\"40\" maxlength=\"400\" class=\"wpcf7-form-control wpcf7-text wpcf7-validates-as-required\" aria-required=\"true\" aria-invalid=\"false\" placeholder=\"Ad\u0131 Soyad\u0131\" value=\"\" type=\"text\" name=\"your-name\" \/><\/span><\/span>\n\t\t\t<\/p>\n\t\t<\/div>\n\t\t<div class=\"column-1_1\">\n\t\t\t<p><span class=\"style-line icon-phone\"><span class=\"wpcf7-form-control-wrap\" data-name=\"phone\"><input size=\"40\" maxlength=\"400\" class=\"wpcf7-form-control wpcf7-tel wpcf7-validates-as-required wpcf7-text wpcf7-validates-as-tel\" aria-required=\"true\" aria-invalid=\"false\" placeholder=\"Telefon\" value=\"\" type=\"tel\" name=\"phone\" \/><\/span><\/span>\n\t\t\t<\/p>\n\t\t<\/div>\n\t\t<div class=\"column-1_1\">\n\t\t\t<p><span class=\"style-line icon-email\"><span class=\"wpcf7-form-control-wrap\" data-name=\"your-email\"><input size=\"40\" maxlength=\"400\" class=\"wpcf7-form-control wpcf7-email wpcf7-validates-as-required wpcf7-text wpcf7-validates-as-email\" aria-required=\"true\" aria-invalid=\"false\" placeholder=\"E-posta\" value=\"\" type=\"email\" name=\"your-email\" \/><\/span><\/span>\n\t\t\t<\/p>\n\t\t<\/div>\n\t\t<div class=\"column-1_1\">\n\t\t\t<p>L\u00fctfen CV'nizi y\u00fckleyin <span class=\"wpcf7-form-control-wrap\" data-name=\"file-983\"><input size=\"40\" class=\"wpcf7-form-control wpcf7-file\" accept=\"audio\/*,video\/*,image\/*\" aria-invalid=\"false\" type=\"file\" name=\"file-983\" \/><\/span>\n\t\t\t<\/p>\n\t\t<\/div>\n\t<\/div>\n\t<div class=\"columns_wrap margin-bottom\">\n\t\t<div class=\"column-1_1\">\n\t\t\t<p><span class=\"style-line icon-textarea\"><span class=\"wpcf7-form-control-wrap\" data-name=\"your-message\"><textarea cols=\"40\" rows=\"10\" maxlength=\"2000\" class=\"wpcf7-form-control wpcf7-textarea wpcf7-validates-as-required\" aria-required=\"true\" aria-invalid=\"false\" placeholder=\"Ek a\u00e7\u0131klama\" name=\"your-message\"><\/textarea><\/span><\/span>\n\t\t\t<\/p>\n\t\t<\/div>\n\t<\/div>\n\t<p><div id=\"cf7sr-69fde5a145593\" class=\"cf7sr-g-hcaptcha\" data-theme=\"light\" data-size=\"normal\" data-sitekey=\"6c12222e-50fe-40a2-b2b4-32605a8c0e74\"><\/div><span class=\"wpcf7-form-control-wrap cf7sr-hcaptcha\" data-name=\"cf7sr-hcaptcha\"><input type=\"hidden\" name=\"cf7sr-hcaptcha\" value=\"\" class=\"wpcf7-form-control\"><\/span>\n\t<\/p>\n\t<p><input class=\"wpcf7-form-control wpcf7-submit has-spinner sc_button sc_button_default sc_button_size_large btn-custom has-plane\" type=\"submit\" value=\"Formu G\u00f6nder\" \/>\n\t<\/p>\n<\/div><div class=\"wpcf7-response-output\" aria-hidden=\"true\"><\/div>\n<input type=\"hidden\" name=\"trp-form-language\" value=\"en\"\/><\/form>\n<\/div>\n\t\t\t\t<\/div>\n\t\t\t\t<\/div>\n\t\t\t\t\t<\/div>\n\t\t<\/div>\n\t\t\t\t\t<\/div>\n\t\t<\/section>\n\t\t\t\t<section class=\"elementor-section elementor-top-section elementor-element elementor-element-cef2205 elementor-section-boxed elementor-section-height-default elementor-section-height-default sc_fly_static\" data-id=\"cef2205\" data-element_type=\"section\">\n\t\t\t\t\t\t<div class=\"elementor-container elementor-column-gap-extended\">\n\t\t\t\t\t<div class=\"elementor-column elementor-col-100 elementor-top-column elementor-element elementor-element-7d59919 sc_content_align_inherit sc_layouts_column_icons_position_left sc_fly_static\" data-id=\"7d59919\" data-element_type=\"column\">\n\t\t\t<div class=\"elementor-widget-wrap elementor-element-populated\">\n\t\t\t\t\t\t<div class=\"elementor-element elementor-element-72b1cb9 sc_height_huge sc_fly_static elementor-widget elementor-widget-spacer\" data-id=\"72b1cb9\" data-element_type=\"widget\" data-widget_type=\"spacer.default\">\n\t\t\t\t<div class=\"elementor-widget-container\">\n\t\t\t\t\t\t\t<div class=\"elementor-spacer\">\n\t\t\t<div class=\"elementor-spacer-inner\"><\/div>\n\t\t<\/div>\n\t\t\t\t\t\t<\/div>\n\t\t\t\t<\/div>\n\t\t\t\t\t<\/div>\n\t\t<\/div>\n\t\t\t\t\t<\/div>\n\t\t<\/section>\n\t\t\t\t<\/div>","protected":false},"excerpt":{"rendered":"<p>Kariyer Yolculu\u011funuz Burada Ba\u015fl\u0131yor Geli\u015fim Yap\u0131 olarak; yaln\u0131zca yap\u0131lar de\u011fil, g\u00fc\u00e7l\u00fc ve s\u00fcrd\u00fcr\u00fclebilir kariyerler de in\u015fa ediyoruz. Kuruldu\u011fumuz g\u00fcnden bu yana insan kayna\u011f\u0131n\u0131 en de\u011ferli varl\u0131\u011f\u0131m\u0131z olarak g\u00f6rd\u00fck. Uzmanl\u0131k, tutku&hellip;<\/p>","protected":false},"author":1,"featured_media":0,"parent":0,"menu_order":0,"comment_status":"closed","ping_status":"closed","template":"","meta":{"footnotes":""},"class_list":["post-19571","page","type-page","status-publish","hentry"],"_links":{"self":[{"href":"https:\/\/gelisimyapi.com.tr\/en\/wp-json\/wp\/v2\/pages\/19571","targetHints":{"allow":["GET"]}}],"collection":[{"href":"https:\/\/gelisimyapi.com.tr\/en\/wp-json\/wp\/v2\/pages"}],"about":[{"href":"https:\/\/gelisimyapi.com.tr\/en\/wp-json\/wp\/v2\/types\/page"}],"author":[{"embeddable":true,"href":"https:\/\/gelisimyapi.com.tr\/en\/wp-json\/wp\/v2\/users\/1"}],"replies":[{"embeddable":true,"href":"https:\/\/gelisimyapi.com.tr\/en\/wp-json\/wp\/v2\/comments?post=19571"}],"version-history":[{"count":25,"href":"https:\/\/gelisimyapi.com.tr\/en\/wp-json\/wp\/v2\/pages\/19571\/revisions"}],"predecessor-version":[{"id":22171,"href":"https:\/\/gelisimyapi.com.tr\/en\/wp-json\/wp\/v2\/pages\/19571\/revisions\/22171"}],"wp:attachment":[{"href":"https:\/\/gelisimyapi.com.tr\/en\/wp-json\/wp\/v2\/media?parent=19571"}],"curies":[{"name":"wp","href":"https:\/\/api.w.org\/{rel}","templated":true}]}}