{"id":18748,"date":"2022-03-09T14:19:27","date_gmt":"2022-03-09T14:19:27","guid":{"rendered":"https:\/\/gelisimyapi.com.tr\/?page_id=18748"},"modified":"2025-10-30T14:03:06","modified_gmt":"2025-10-30T14:03:06","slug":"hakkimizda","status":"publish","type":"page","link":"https:\/\/gelisimyapi.com.tr\/en\/hakkimizda\/","title":{"rendered":"Hakk\u0131m\u0131zda"},"content":{"rendered":"<div data-elementor-type=\"wp-page\" data-elementor-id=\"18748\" class=\"elementor elementor-18748\" data-elementor-post-type=\"page\">\n\t\t\t\t\t\t<section class=\"elementor-section elementor-top-section elementor-element elementor-element-4cc62be elementor-section-boxed elementor-section-height-default elementor-section-height-default sc_fly_static\" data-id=\"4cc62be\" data-element_type=\"section\">\n\t\t\t\t\t\t<div class=\"elementor-container elementor-column-gap-extended\">\n\t\t\t\t\t<div class=\"elementor-column elementor-col-100 elementor-top-column elementor-element elementor-element-79ac3f8 sc_content_align_inherit sc_layouts_column_icons_position_left sc_fly_static\" data-id=\"79ac3f8\" data-element_type=\"column\">\n\t\t\t<div class=\"elementor-widget-wrap elementor-element-populated\">\n\t\t\t\t\t\t<div class=\"elementor-element elementor-element-cfe90c7 sc_height_small sc_fly_static elementor-widget elementor-widget-spacer\" data-id=\"cfe90c7\" data-element_type=\"widget\" data-widget_type=\"spacer.default\">\n\t\t\t\t<div class=\"elementor-widget-container\">\n\t\t\t\t\t\t\t<div class=\"elementor-spacer\">\n\t\t\t<div class=\"elementor-spacer-inner\"><\/div>\n\t\t<\/div>\n\t\t\t\t\t\t<\/div>\n\t\t\t\t<\/div>\n\t\t\t\t\t<\/div>\n\t\t<\/div>\n\t\t\t\t\t<\/div>\n\t\t<\/section>\n\t\t\t\t<section class=\"elementor-section elementor-top-section elementor-element elementor-element-018a010 elementor-section-content-middle elementor-section-boxed elementor-section-height-default elementor-section-height-default sc_fly_static\" data-id=\"018a010\" data-element_type=\"section\">\n\t\t\t\t\t\t<div class=\"elementor-container elementor-column-gap-extended\">\n\t\t\t\t\t<div class=\"elementor-column elementor-col-50 elementor-top-column elementor-element elementor-element-b7a6c19 sc_content_align_inherit sc_layouts_column_icons_position_left sc_fly_static\" data-id=\"b7a6c19\" data-element_type=\"column\">\n\t\t\t<div class=\"elementor-widget-wrap elementor-element-populated\">\n\t\t\t\t\t\t<div class=\"elementor-element elementor-element-f168bdd sc_fly_static elementor-widget elementor-widget-image\" data-id=\"f168bdd\" data-element_type=\"widget\" data-widget_type=\"image.default\">\n\t\t\t\t<div class=\"elementor-widget-container\">\n\t\t\t\t\t\t\t\t\t\t\t\t\t\t\t<img fetchpriority=\"high\" decoding=\"async\" width=\"768\" height=\"576\" src=\"https:\/\/gelisimyapi.com.tr\/wp-content\/uploads\/2025\/10\/1-2-768x576.jpg\" class=\"attachment-medium_large size-medium_large wp-image-21897\" alt=\"\" srcset=\"https:\/\/gelisimyapi.com.tr\/wp-content\/uploads\/2025\/10\/1-2-768x576.jpg 768w, https:\/\/gelisimyapi.com.tr\/wp-content\/uploads\/2025\/10\/1-2-300x225.jpg 300w, https:\/\/gelisimyapi.com.tr\/wp-content\/uploads\/2025\/10\/1-2-1024x768.jpg 1024w, https:\/\/gelisimyapi.com.tr\/wp-content\/uploads\/2025\/10\/1-2-1536x1152.jpg 1536w, https:\/\/gelisimyapi.com.tr\/wp-content\/uploads\/2025\/10\/1-2-370x278.jpg 370w, https:\/\/gelisimyapi.com.tr\/wp-content\/uploads\/2025\/10\/1-2-840x630.jpg 840w, https:\/\/gelisimyapi.com.tr\/wp-content\/uploads\/2025\/10\/1-2-410x308.jpg 410w, https:\/\/gelisimyapi.com.tr\/wp-content\/uploads\/2025\/10\/1-2.jpg 1600w\" sizes=\"(max-width: 768px) 100vw, 768px\" \/>\t\t\t\t\t\t\t\t\t\t\t\t\t\t\t<\/div>\n\t\t\t\t<\/div>\n\t\t\t\t\t<\/div>\n\t\t<\/div>\n\t\t\t\t<div class=\"elementor-column elementor-col-50 elementor-top-column elementor-element elementor-element-ccf3b38 sc_content_align_inherit sc_layouts_column_icons_position_left sc_fly_static\" data-id=\"ccf3b38\" data-element_type=\"column\">\n\t\t\t<div class=\"elementor-widget-wrap elementor-element-populated\">\n\t\t\t\t\t\t<div class=\"elementor-element elementor-element-a988337 sc_fly_static elementor-widget elementor-widget-text-editor\" data-id=\"a988337\" data-element_type=\"widget\" data-widget_type=\"text-editor.default\">\n\t\t\t\t<div class=\"elementor-widget-container\">\n\t\t\t\t\t\t\t\t\t<section class=\"faaliyet-alanlari-info line-bg\"><div class=\"container\"><div class=\"row justify-content-center text-center\"><div class=\"col-12\"><div class=\"faaliyet-alanlari-description\"><p>Geli\u015fim Yap\u0131, <a href=\"http:\/\/dbh.group\"><strong>DBH Group<\/strong><\/a> \u00e7at\u0131s\u0131 alt\u0131nda faaliyet g\u00f6steren bir in\u015faat \u015firketidir. Bug\u00fcn itibari ile ula\u015f\u0131m, konut, ticaret, sanayi ve kamu alanlar\u0131nda \u00e7e\u015fitli projeler \u00fcstlenmi\u015f ve \u00fclke genelinde farkl\u0131 \u00f6l\u00e7eklerde \u00e7ok say\u0131da projeyi tamamlam\u0131\u015ft\u0131r.<\/p><p>Faaliyet alanlar\u0131m\u0131z; toplu konut ve ticari merkezlerden, kamu binalar\u0131 ve altyap\u0131 yat\u0131r\u0131mlar\u0131na uzanan geni\u015f bir yelpazeyi kapsamaktad\u0131r. Bug\u00fcne kadar hayata ge\u00e7irdi\u011fimiz projeler, kentle\u015fme s\u00fcre\u00e7lerine do\u011frudan katk\u0131 sa\u011flam\u0131\u015f, teknik uzmanl\u0131\u011f\u0131m\u0131z\u0131 ve organizasyon kabiliyetimizi ortaya koymu\u015ftur.<!-- notionvc: 42a6d19f-5ec1-4243-8869-914f8cdd419a --><\/p><\/div><\/div><\/div><\/div><\/section>\t\t\t\t\t\t\t\t<\/div>\n\t\t\t\t<\/div>\n\t\t\t\t\t<\/div>\n\t\t<\/div>\n\t\t\t\t\t<\/div>\n\t\t<\/section>\n\t\t\t\t<section class=\"elementor-section elementor-top-section elementor-element elementor-element-e600ced elementor-section-boxed elementor-section-height-default elementor-section-height-default sc_fly_static\" data-id=\"e600ced\" data-element_type=\"section\">\n\t\t\t\t\t\t<div class=\"elementor-container elementor-column-gap-extended\">\n\t\t\t\t\t<div class=\"elementor-column elementor-col-100 elementor-top-column elementor-element elementor-element-45bed38 sc_content_align_inherit sc_layouts_column_icons_position_left sc_fly_static\" data-id=\"45bed38\" data-element_type=\"column\">\n\t\t\t<div class=\"elementor-widget-wrap elementor-element-populated\">\n\t\t\t\t\t\t<div class=\"elementor-element elementor-element-d66ec39 sc_fly_static elementor-widget elementor-widget-spacer\" data-id=\"d66ec39\" data-element_type=\"widget\" data-widget_type=\"spacer.default\">\n\t\t\t\t<div class=\"elementor-widget-container\">\n\t\t\t\t\t\t\t<div class=\"elementor-spacer\">\n\t\t\t<div class=\"elementor-spacer-inner\"><\/div>\n\t\t<\/div>\n\t\t\t\t\t\t<\/div>\n\t\t\t\t<\/div>\n\t\t\t\t\t<\/div>\n\t\t<\/div>\n\t\t\t\t\t<\/div>\n\t\t<\/section>\n\t\t\t\t<section class=\"elementor-section elementor-top-section elementor-element elementor-element-40446d7 elementor-section-content-middle elementor-section-boxed elementor-section-height-default elementor-section-height-default sc_fly_static\" data-id=\"40446d7\" data-element_type=\"section\" data-settings=\"{&quot;background_background&quot;:&quot;classic&quot;}\">\n\t\t\t\t\t\t<div class=\"elementor-container elementor-column-gap-extended\">\n\t\t\t\t\t<div class=\"elementor-column elementor-col-100 elementor-top-column elementor-element elementor-element-6d52e01 sc_content_align_inherit sc_layouts_column_icons_position_left sc_fly_static\" data-id=\"6d52e01\" data-element_type=\"column\">\n\t\t\t<div class=\"elementor-widget-wrap elementor-element-populated\">\n\t\t\t\t\t\t<div class=\"elementor-element elementor-element-12204dd sc_fly_static elementor-widget elementor-widget-spacer\" data-id=\"12204dd\" data-element_type=\"widget\" data-widget_type=\"spacer.default\">\n\t\t\t\t<div class=\"elementor-widget-container\">\n\t\t\t\t\t\t\t<div class=\"elementor-spacer\">\n\t\t\t<div class=\"elementor-spacer-inner\"><\/div>\n\t\t<\/div>\n\t\t\t\t\t\t<\/div>\n\t\t\t\t<\/div>\n\t\t\t\t\t<\/div>\n\t\t<\/div>\n\t\t\t\t\t<\/div>\n\t\t<\/section>\n\t\t\t\t<section class=\"elementor-section elementor-top-section elementor-element elementor-element-79abe70 elementor-section-content-middle elementor-section-boxed elementor-section-height-default elementor-section-height-default sc_fly_static\" data-id=\"79abe70\" data-element_type=\"section\" data-settings=\"{&quot;background_background&quot;:&quot;classic&quot;}\">\n\t\t\t\t\t\t<div class=\"elementor-container elementor-column-gap-extended\">\n\t\t\t\t\t<div class=\"elementor-column elementor-col-50 elementor-top-column elementor-element elementor-element-b897d57 sc_content_align_inherit sc_layouts_column_icons_position_left sc_fly_static\" data-id=\"b897d57\" data-element_type=\"column\">\n\t\t\t<div class=\"elementor-widget-wrap elementor-element-populated\">\n\t\t\t\t\t\t<div class=\"elementor-element elementor-element-cc829b2 sc_fly_static elementor-widget elementor-widget-spacer\" data-id=\"cc829b2\" data-element_type=\"widget\" data-widget_type=\"spacer.default\">\n\t\t\t\t<div class=\"elementor-widget-container\">\n\t\t\t\t\t\t\t<div class=\"elementor-spacer\">\n\t\t\t<div class=\"elementor-spacer-inner\"><\/div>\n\t\t<\/div>\n\t\t\t\t\t\t<\/div>\n\t\t\t\t<\/div>\n\t\t\t\t<div class=\"elementor-element elementor-element-4be8805 sc_fly_static elementor-widget elementor-widget-text-editor\" data-id=\"4be8805\" data-element_type=\"widget\" data-widget_type=\"text-editor.default\">\n\t\t\t\t<div class=\"elementor-widget-container\">\n\t\t\t\t\t\t\t\t\t<p>Grubumuzun kurumsal g\u00fcc\u00fc ve i\u015f birliklerinden ald\u0131\u011f\u0131m\u0131z destekle, projelerimizi geni\u015f tasar\u0131m ve in\u015faat kapasitemizin yan\u0131 s\u0131ra; finansman, tedarik ve y\u00f6netim s\u00fcre\u00e7lerindeki avantajlar\u0131m\u0131z ile birlikte profesyonel bir yakla\u015f\u0131mla y\u00fcr\u00fct\u00fcyoruz.<\/p><p>Geli\u015fim Yap\u0131 olarak, uzun y\u0131llara dayanan deneyimimizi daha b\u00fcy\u00fck \u00f6l\u00e7ekli projelere aktararak geni\u015f istihdam yaratmaya devam ediyor, \u00fclkemizin ekonomik ve sosyal geli\u015fimine katk\u0131 sa\u011flayan kal\u0131c\u0131 yap\u0131lar \u00fcretmeyi s\u00fcrd\u00fcr\u00fcyoruz.<!-- notionvc: 765f9bcf-d330-4149-85ad-aede352da3eb --><\/p>\t\t\t\t\t\t\t\t<\/div>\n\t\t\t\t<\/div>\n\t\t\t\t<div class=\"elementor-element elementor-element-9068daf sc_fly_static elementor-widget elementor-widget-spacer\" data-id=\"9068daf\" data-element_type=\"widget\" data-widget_type=\"spacer.default\">\n\t\t\t\t<div class=\"elementor-widget-container\">\n\t\t\t\t\t\t\t<div class=\"elementor-spacer\">\n\t\t\t<div class=\"elementor-spacer-inner\"><\/div>\n\t\t<\/div>\n\t\t\t\t\t\t<\/div>\n\t\t\t\t<\/div>\n\t\t\t\t<div class=\"elementor-element elementor-element-7cbe461 sc_fly_static elementor-widget elementor-widget-trx_sc_button\" data-id=\"7cbe461\" data-element_type=\"widget\" data-widget_type=\"trx_sc_button.default\">\n\t\t\t\t<div class=\"elementor-widget-container\">\n\t\t\t\t\t<div\tclass=\"sc_item_button sc_button_wrap\" ><a href=\"\/en\/projeler\/\" class=\"sc_button sc_button_shadow sc_button_flow sc_button_size_normal sc_button_icon_left color_style_link2\" ><span class=\"sc_button_text\"><span class=\"sc_button_title\">T\u00fcm Projeler -&gt;<\/span><\/span><\/a><\/div>\t\t\t\t<\/div>\n\t\t\t\t<\/div>\n\t\t\t\t\t<\/div>\n\t\t<\/div>\n\t\t\t\t<div class=\"elementor-column elementor-col-50 elementor-top-column elementor-element elementor-element-697253c sc_content_align_inherit sc_layouts_column_icons_position_left sc_fly_static\" data-id=\"697253c\" data-element_type=\"column\">\n\t\t\t<div class=\"elementor-widget-wrap elementor-element-populated\">\n\t\t\t\t\t\t<div class=\"elementor-element elementor-element-5b7fb8a sc_fly_static elementor-widget elementor-widget-trx_sc_services\" data-id=\"5b7fb8a\" data-element_type=\"widget\" data-widget_type=\"trx_sc_services.default\">\n\t\t\t\t<div class=\"elementor-widget-container\">\n\t\t\t\t\t<div class=\"sc_services sc_services_creative sc_services_featured_top\"><div class=\"sc_services_columns_wrap sc_item_columns sc_item_posts_container sc_item_columns_2 trx_addons_columns_wrap columns_padding_bottom\"><div class=\"trx_addons_column-1_2\"><div data-post-id=\"21911\" class=\"sc_services_item sc_item_container post_container tilt_action without_content with_image sc_services_item_featured_none post-21911 cpt_portfolio type-cpt_portfolio status-publish has-post-thumbnail hentry cpt_portfolio_group-ustyapi-devam-eden cpt_portfolio_group-ust-yapi\">\n\t\t<div class=\"sc_services_item_content\" style=\"background-image: url(https:\/\/gelisimyapi.com.tr\/wp-content\/uploads\/2025\/10\/THY1-840x445.jpg);\">\n\t\t\t\t<div class=\"sc_services_item_content_inner\">\n        <div class=\"sc_services_item_content_inner_bottom\"><h6 class=\"sc_services_item_title\"><a href=\"https:\/\/gelisimyapi.com.tr\/en\/portfolio\/istanbul-havalimani-thy-oc-otopark-binasi\/\">\u0130stanbul Havaliman\u0131 THY OC Otopark ve Ofis Binas\u0131<\/a><\/h6>\n                <div class=\"sc_services_item_subtitle\"><a href=\"https:\/\/gelisimyapi.com.tr\/en\/portfolio_group\/ust-yapi\/ustyapi-devam-eden\/\" title=\"View all posts in Devam Eden\">Devam Eden, <\/a><a href=\"https:\/\/gelisimyapi.com.tr\/en\/portfolio_group\/ust-yapi\/\" title=\"View all posts in \u00dcst Yap\u0131\">\u00dcst Yap\u0131<\/a><\/div><\/div><\/div><a class=\"sc_services_item_link\" href=\"https:\/\/gelisimyapi.com.tr\/en\/portfolio\/istanbul-havalimani-thy-oc-otopark-binasi\/\"><\/a><\/div><\/div><\/div><div class=\"trx_addons_column-1_2\"><div data-post-id=\"21900\" class=\"sc_services_item sc_item_container post_container tilt_action without_content with_image sc_services_item_featured_none post-21900 cpt_portfolio type-cpt_portfolio status-publish has-post-thumbnail hentry cpt_portfolio_group-alt-yapi cpt_portfolio_group-altyapi-devameden\">\n\t\t<div class=\"sc_services_item_content\" style=\"background-image: url(https:\/\/gelisimyapi.com.tr\/wp-content\/uploads\/2025\/10\/ebt2-840x473.jpeg);\">\n\t\t\t\t<div class=\"sc_services_item_content_inner\">\n        <div class=\"sc_services_item_content_inner_bottom\"><h6 class=\"sc_services_item_title\"><a href=\"https:\/\/gelisimyapi.com.tr\/en\/portfolio\/eyupsultan-bayrampasa-tramvay-hatti\/\">Ey\u00fcpsultan-Bayrampa\u015fa Tramvay Hatt\u0131<\/a><\/h6>\n                <div class=\"sc_services_item_subtitle\"><a href=\"https:\/\/gelisimyapi.com.tr\/en\/portfolio_group\/alt-yapi\/\" title=\"View all posts in Alt Yap\u0131\">Alt Yap\u0131, <\/a><a href=\"https:\/\/gelisimyapi.com.tr\/en\/portfolio_group\/alt-yapi\/altyapi-devameden\/\" title=\"View all posts in Devam Eden\">Devam Eden<\/a><\/div><\/div><\/div><a class=\"sc_services_item_link\" href=\"https:\/\/gelisimyapi.com.tr\/en\/portfolio\/eyupsultan-bayrampasa-tramvay-hatti\/\"><\/a><\/div><\/div><\/div><div class=\"trx_addons_column-1_2\"><div data-post-id=\"21876\" class=\"sc_services_item sc_item_container post_container tilt_action without_content with_image sc_services_item_featured_none post-21876 cpt_portfolio type-cpt_portfolio status-publish has-post-thumbnail hentry cpt_portfolio_group-alt-yapi cpt_portfolio_group-ustyapi-tamamlanan cpt_portfolio_group-altyapi-tamamlanan cpt_portfolio_group-ust-yapi\">\n\t\t<div class=\"sc_services_item_content\" style=\"background-image: url(https:\/\/gelisimyapi.com.tr\/wp-content\/uploads\/2025\/10\/1-1-840x454.jpg);\">\n\t\t\t\t<div class=\"sc_services_item_content_inner\">\n        <div class=\"sc_services_item_content_inner_bottom\"><h6 class=\"sc_services_item_title\"><a href=\"https:\/\/gelisimyapi.com.tr\/en\/portfolio\/darica-millet-bahcesi-3-uncu-etap-yapim-isi\/\">Dar\u0131ca Millet Bah\u00e7esi 3. Etap Yap\u0131m \u0130\u015fi<\/a><\/h6>\n                <div class=\"sc_services_item_subtitle\"><a href=\"https:\/\/gelisimyapi.com.tr\/en\/portfolio_group\/alt-yapi\/\" title=\"View all posts in Alt Yap\u0131\">Alt Yap\u0131, <\/a><a href=\"https:\/\/gelisimyapi.com.tr\/en\/portfolio_group\/ust-yapi\/ustyapi-tamamlanan\/\" title=\"View all posts in Tamamlanan\">Tamamlanan, <\/a><a href=\"https:\/\/gelisimyapi.com.tr\/en\/portfolio_group\/alt-yapi\/altyapi-tamamlanan\/\" title=\"View all posts in Tamamlanan\">Tamamlanan, <\/a><a href=\"https:\/\/gelisimyapi.com.tr\/en\/portfolio_group\/ust-yapi\/\" title=\"View all posts in \u00dcst Yap\u0131\">\u00dcst Yap\u0131<\/a><\/div><\/div><\/div><a class=\"sc_services_item_link\" href=\"https:\/\/gelisimyapi.com.tr\/en\/portfolio\/darica-millet-bahcesi-3-uncu-etap-yapim-isi\/\"><\/a><\/div><\/div><\/div><div class=\"trx_addons_column-1_2\"><div data-post-id=\"21984\" class=\"sc_services_item sc_item_container post_container tilt_action without_content with_image sc_services_item_featured_none post-21984 cpt_portfolio type-cpt_portfolio status-publish has-post-thumbnail hentry cpt_portfolio_group-alt-yapi cpt_portfolio_group-altyapi-tamamlanan\">\n\t\t<div class=\"sc_services_item_content\" style=\"background-image: url(https:\/\/gelisimyapi.com.tr\/wp-content\/uploads\/2025\/10\/1-5-840x560.jpeg);\">\n\t\t\t\t<div class=\"sc_services_item_content_inner\">\n        <div class=\"sc_services_item_content_inner_bottom\"><h6 class=\"sc_services_item_title\"><a href=\"https:\/\/gelisimyapi.com.tr\/en\/portfolio\/hayrabolu-cevre-yolu\/\">Hayrabolu \u00c7evre Yolu<\/a><\/h6>\n                <div class=\"sc_services_item_subtitle\"><a href=\"https:\/\/gelisimyapi.com.tr\/en\/portfolio_group\/alt-yapi\/\" title=\"View all posts in Alt Yap\u0131\">Alt Yap\u0131, <\/a><a href=\"https:\/\/gelisimyapi.com.tr\/en\/portfolio_group\/alt-yapi\/altyapi-tamamlanan\/\" title=\"View all posts in Tamamlanan\">Tamamlanan<\/a><\/div><\/div><\/div><a class=\"sc_services_item_link\" href=\"https:\/\/gelisimyapi.com.tr\/en\/portfolio\/hayrabolu-cevre-yolu\/\"><\/a><\/div><\/div><\/div><\/div><\/div>\t\t\t\t<\/div>\n\t\t\t\t<\/div>\n\t\t\t\t\t<\/div>\n\t\t<\/div>\n\t\t\t\t\t<\/div>\n\t\t<\/section>\n\t\t\t\t<section class=\"elementor-section elementor-top-section elementor-element elementor-element-d45a9d4 elementor-section-boxed elementor-section-height-default elementor-section-height-default sc_fly_static\" data-id=\"d45a9d4\" data-element_type=\"section\">\n\t\t\t\t\t\t<div class=\"elementor-container elementor-column-gap-extended\">\n\t\t\t\t\t<div class=\"elementor-column elementor-col-100 elementor-top-column elementor-element elementor-element-57eb1c8 sc_content_align_inherit sc_layouts_column_icons_position_left sc_fly_static\" data-id=\"57eb1c8\" data-element_type=\"column\">\n\t\t\t<div class=\"elementor-widget-wrap\">\n\t\t\t\t\t\t\t<\/div>\n\t\t<\/div>\n\t\t\t\t\t<\/div>\n\t\t<\/section>\n\t\t\t\t<\/div>","protected":false},"excerpt":{"rendered":"<p>Geli\u015fim Yap\u0131, DBH Group \u00e7at\u0131s\u0131 alt\u0131nda faaliyet g\u00f6steren bir in\u015faat \u015firketidir. Bug\u00fcn itibari ile ula\u015f\u0131m, konut, ticaret, sanayi ve kamu alanlar\u0131nda \u00e7e\u015fitli projeler \u00fcstlenmi\u015f ve \u00fclke genelinde farkl\u0131 \u00f6l\u00e7eklerde \u00e7ok&hellip;<\/p>","protected":false},"author":1,"featured_media":0,"parent":0,"menu_order":0,"comment_status":"closed","ping_status":"closed","template":"","meta":{"footnotes":""},"class_list":["post-18748","page","type-page","status-publish","hentry"],"_links":{"self":[{"href":"https:\/\/gelisimyapi.com.tr\/en\/wp-json\/wp\/v2\/pages\/18748","targetHints":{"allow":["GET"]}}],"collection":[{"href":"https:\/\/gelisimyapi.com.tr\/en\/wp-json\/wp\/v2\/pages"}],"about":[{"href":"https:\/\/gelisimyapi.com.tr\/en\/wp-json\/wp\/v2\/types\/page"}],"author":[{"embeddable":true,"href":"https:\/\/gelisimyapi.com.tr\/en\/wp-json\/wp\/v2\/users\/1"}],"replies":[{"embeddable":true,"href":"https:\/\/gelisimyapi.com.tr\/en\/wp-json\/wp\/v2\/comments?post=18748"}],"version-history":[{"count":120,"href":"https:\/\/gelisimyapi.com.tr\/en\/wp-json\/wp\/v2\/pages\/18748\/revisions"}],"predecessor-version":[{"id":22354,"href":"https:\/\/gelisimyapi.com.tr\/en\/wp-json\/wp\/v2\/pages\/18748\/revisions\/22354"}],"wp:attachment":[{"href":"https:\/\/gelisimyapi.com.tr\/en\/wp-json\/wp\/v2\/media?parent=18748"}],"curies":[{"name":"wp","href":"https:\/\/api.w.org\/{rel}","templated":true}]}}